{"id":787,"date":"2023-10-23T22:10:58","date_gmt":"2023-10-23T20:10:58","guid":{"rendered":"https:\/\/dematiss.com\/?page_id=787"},"modified":"2023-10-23T22:11:26","modified_gmt":"2023-10-23T20:11:26","slug":"bibliographie","status":"publish","type":"page","link":"https:\/\/dematiss.com\/index.php\/bibliographie\/","title":{"rendered":"Bibliographie"},"content":{"rendered":"\n<div class=\"wp-block-group is-layout-constrained wp-block-group-is-layout-constrained\">\n<h1 class=\"wp-block-heading has-text-align-center has-foreground-color has-pale-ocean-gradient-background has-text-color has-background\" style=\"text-transform:uppercase\"><strong>Bibliographie<\/strong><\/h1>\n<\/div>\n\n\n\n<p>Une bibliographie s\u00e9lective des quelques \u0153uvres mobilis\u00e9es dans le cadre de ce travail. La bibliographie est en cours de construction. <\/p>\n\n\n\n<p><a href=\"https:\/\/citadelles-mazenod.com\/product\/textiles-africains\/\">Clarke, D., Drake Moraga, V., Fee, S., &amp; Dumas, M. L. (2020). African Textiles. Thames &amp; Hudson.<\/a><\/p>\n\n\n\n<p><a href=\"https:\/\/www.amazon.fr\/Textiles-africains-Mich%C3%A8le-Coquet\/dp\/2876602210\">Grosfilley, A. (2003). Afrique des textiles: Styles et Cr\u00e9ations. Adam Biro.<\/a><\/p>\n\n\n\n<p><a href=\"https:\/\/www.amazon.com\/African-Costumes-Textiles-Berbers-Zulus\/dp\/8874394764\">Orrell, R. M. C. (2019). African Costumes and Textiles: From the Berbers to the Zulus. Thames &amp; Hudson.<\/a><\/p>\n\n\n\n<p><a href=\"https:\/\/www.amazon.com\/African-Textiles-Creativity-Across-Continent\/dp\/0500292213\">Gillow, J. (2016). African Textiles: Color and Creativity Across a Continent. Thames &amp; Hudson.<\/a><\/p>\n\n\n\n<p><a href=\"https:\/\/www.amazon.fr\/Perles-Couleurs-dAfrique-bilingue-fran%C3%A7ais-anglais\/dp\/2353400744\">Dumas, L. (2009). Perles, couleurs d&#8217;Afrique. Paris : \u00c9ditions Gourcuff Gradenigo.<\/a><\/p>\n\n\n\n<p><a href=\"https:\/\/www.amazon.fr\/Ndop-Etoffes-soci%C3%A9t%C3%A9s-secr%C3%A8tes-Cameroun\/dp\/2353403247\">Dumas, L. (2020). Ndop : \u00c9toffes des cours royales et soci\u00e9t\u00e9s secr\u00e8tes du Cameroun. Paris : \u00c9ditions Gourcuff Gradenigo.<\/a><\/p>\n","protected":false},"excerpt":{"rendered":"<p>Bibliographie Une bibliographie s\u00e9lective des quelques \u0153uvres mobilis\u00e9es dans le cadre de ce travail. La bibliographie est en cours de construction. Clarke, D., Drake Moraga, V., Fee, S., &amp; Dumas, M. L. (2020). African Textiles. Thames &amp; Hudson. Grosfilley, A. (2003). Afrique des textiles: Styles et Cr\u00e9ations. Adam Biro. Orrell, R. M. C. (2019). African [&hellip;]<\/p>\n","protected":false},"author":1,"featured_media":0,"parent":0,"menu_order":0,"comment_status":"closed","ping_status":"closed","template":"page-without-title","meta":{"footnotes":""},"class_list":["post-787","page","type-page","status-publish","hentry"],"jetpack_sharing_enabled":true,"_links":{"self":[{"href":"https:\/\/dematiss.com\/index.php\/wp-json\/wp\/v2\/pages\/787","targetHints":{"allow":["GET"]}}],"collection":[{"href":"https:\/\/dematiss.com\/index.php\/wp-json\/wp\/v2\/pages"}],"about":[{"href":"https:\/\/dematiss.com\/index.php\/wp-json\/wp\/v2\/types\/page"}],"author":[{"embeddable":true,"href":"https:\/\/dematiss.com\/index.php\/wp-json\/wp\/v2\/users\/1"}],"replies":[{"embeddable":true,"href":"https:\/\/dematiss.com\/index.php\/wp-json\/wp\/v2\/comments?post=787"}],"version-history":[{"count":1,"href":"https:\/\/dematiss.com\/index.php\/wp-json\/wp\/v2\/pages\/787\/revisions"}],"predecessor-version":[{"id":789,"href":"https:\/\/dematiss.com\/index.php\/wp-json\/wp\/v2\/pages\/787\/revisions\/789"}],"wp:attachment":[{"href":"https:\/\/dematiss.com\/index.php\/wp-json\/wp\/v2\/media?parent=787"}],"curies":[{"name":"wp","href":"https:\/\/api.w.org\/{rel}","templated":true}]}}