{"id":307,"date":"2023-07-28T22:40:20","date_gmt":"2023-07-28T20:40:20","guid":{"rendered":"https:\/\/dematiss.com\/?page_id=307"},"modified":"2025-11-23T21:07:04","modified_gmt":"2025-11-23T20:07:04","slug":"shuka-masai","status":"publish","type":"page","link":"https:\/\/dematiss.com\/index.php\/shuka-masai\/","title":{"rendered":"Shuka Masa\u00ef"},"content":{"rendered":"\n<div class=\"wp-block-group is-layout-flow wp-block-group-is-layout-flow\" style=\"padding-top:30px;padding-right:4%;padding-bottom:30px;padding-left:4%\">\n<div class=\"wp-block-columns are-vertically-aligned-center is-not-stacked-on-mobile is-style-no-spacing is-layout-flex wp-container-core-columns-is-layout-d2ca7aa4 wp-block-columns-is-layout-flex\">\n<div class=\"wp-block-column is-vertically-aligned-center is-layout-flow wp-container-core-column-is-layout-47e5a185 wp-block-column-is-layout-flow\" style=\"flex-basis:25%\"><h1 style=\"text-transform:uppercase;letter-spacing:10px;\" class=\"ona-site-title wp-block-site-title has-tiny-font-size has-base-font-family\"><a href=\"https:\/\/dematiss.com\" target=\"_self\" rel=\"home\">dematiss<\/a><\/h1>\n\n<p style=\"font-size:12px;\" class=\"wp-block-site-tagline\">D\u00e9masque(r) les tissus africains<\/p><\/div>\n<\/div>\n<\/div>\n\n\n<nav class=\"is-responsive items-justified-center is-style-ona-tablet-justify-end wp-block-navigation is-horizontal is-content-justification-center is-layout-flex wp-container-core-navigation-is-layout-03627597 wp-block-navigation-is-layout-flex\" aria-label=\"Navigation En-t\u00eate\" \n\t\t data-wp-interactive=\"core\/navigation\" data-wp-context='{\"overlayOpenedBy\":{\"click\":false,\"hover\":false,\"focus\":false},\"type\":\"overlay\",\"roleAttribute\":\"\",\"ariaLabel\":\"Menu\"}'><button aria-haspopup=\"dialog\" aria-label=\"Open menu\" class=\"wp-block-navigation__responsive-container-open\" \n\t\t\t\tdata-wp-on-async--click=\"actions.openMenuOnClick\"\n\t\t\t\tdata-wp-on--keydown=\"actions.handleMenuKeydown\"\n\t\t\t><svg width=\"24\" height=\"24\" xmlns=\"http:\/\/www.w3.org\/2000\/svg\" viewBox=\"0 0 24 24\" aria-hidden=\"true\" focusable=\"false\"><rect x=\"4\" y=\"7.5\" width=\"16\" height=\"1.5\" \/><rect x=\"4\" y=\"15\" width=\"16\" height=\"1.5\" \/><\/svg><\/button>\n\t\t\t\t<div class=\"wp-block-navigation__responsive-container\"  id=\"modal-1\" \n\t\t\t\tdata-wp-class--has-modal-open=\"state.isMenuOpen\"\n\t\t\t\tdata-wp-class--is-menu-open=\"state.isMenuOpen\"\n\t\t\t\tdata-wp-watch=\"callbacks.initMenu\"\n\t\t\t\tdata-wp-on--keydown=\"actions.handleMenuKeydown\"\n\t\t\t\tdata-wp-on-async--focusout=\"actions.handleMenuFocusout\"\n\t\t\t\ttabindex=\"-1\"\n\t\t\t>\n\t\t\t\t\t<div class=\"wp-block-navigation__responsive-close\" tabindex=\"-1\">\n\t\t\t\t\t\t<div class=\"wp-block-navigation__responsive-dialog\" \n\t\t\t\tdata-wp-bind--aria-modal=\"state.ariaModal\"\n\t\t\t\tdata-wp-bind--aria-label=\"state.ariaLabel\"\n\t\t\t\tdata-wp-bind--role=\"state.roleAttribute\"\n\t\t\t>\n\t\t\t\t\t\t\t<button aria-label=\"Close menu\" class=\"wp-block-navigation__responsive-container-close\" \n\t\t\t\tdata-wp-on-async--click=\"actions.closeMenuOnClick\"\n\t\t\t><svg xmlns=\"http:\/\/www.w3.org\/2000\/svg\" viewBox=\"0 0 24 24\" width=\"24\" height=\"24\" aria-hidden=\"true\" focusable=\"false\"><path d=\"m13.06 12 6.47-6.47-1.06-1.06L12 10.94 5.53 4.47 4.47 5.53 10.94 12l-6.47 6.47 1.06 1.06L12 13.06l6.47 6.47 1.06-1.06L13.06 12Z\"><\/path><\/svg><\/button>\n\t\t\t\t\t\t\t<div class=\"wp-block-navigation__responsive-container-content\" \n\t\t\t\tdata-wp-watch=\"callbacks.focusFirstElement\"\n\t\t\t id=\"modal-1-content\">\n\t\t\t\t\t\t\t\t<ul class=\"wp-block-navigation__container is-responsive items-justified-center is-style-ona-tablet-justify-end wp-block-navigation\"><li class=\" wp-block-navigation-item wp-block-navigation-link has-base-font-size\"><a class=\"wp-block-navigation-item__content\"  href=\"\/\"><span class=\"wp-block-navigation-item__label\">Accueil<\/span><\/a><\/li><li data-wp-context=\"{ &quot;submenuOpenedBy&quot;: { &quot;click&quot;: false, &quot;hover&quot;: false, &quot;focus&quot;: false }, &quot;type&quot;: &quot;submenu&quot;, &quot;modal&quot;: null }\" data-wp-interactive=\"core\/navigation\" data-wp-on--focusout=\"actions.handleMenuFocusout\" data-wp-on--keydown=\"actions.handleMenuKeydown\" data-wp-on-async--mouseenter=\"actions.openMenuOnHover\" data-wp-on-async--mouseleave=\"actions.closeMenuOnHover\" data-wp-watch=\"callbacks.initMenu\" tabindex=\"-1\" class=\"wp-block-navigation-item has-child open-on-hover-click is-style-default wp-block-navigation-submenu\"><a class=\"wp-block-navigation-item__content\" href=\"\/\"><span class=\"wp-block-navigation-item__label\">Le projet<\/span><\/a><button data-wp-bind--aria-expanded=\"state.isMenuOpen\" data-wp-on-async--click=\"actions.toggleMenuOnClick\" aria-label=\"Le projet submenu\" class=\"wp-block-navigation__submenu-icon wp-block-navigation-submenu__toggle\" ><svg xmlns=\"http:\/\/www.w3.org\/2000\/svg\" width=\"12\" height=\"12\" viewBox=\"0 0 12 12\" fill=\"none\" aria-hidden=\"true\" focusable=\"false\"><path d=\"M1.50002 4L6.00002 8L10.5 4\" stroke-width=\"1.5\"><\/path><\/svg><\/button><ul data-wp-on-async--focus=\"actions.openMenuOnFocus\" class=\"wp-block-navigation__submenu-container is-style-default wp-block-navigation-submenu\"><li class=\" wp-block-navigation-item wp-block-navigation-link\"><a class=\"wp-block-navigation-item__content\"  href=\"https:\/\/dematiss.com\/index.php\/un-projet-documentaire\/\"><span class=\"wp-block-navigation-item__label\">Un projet documentaire<\/span><\/a><\/li><li class=\" wp-block-navigation-item wp-block-navigation-link\"><a class=\"wp-block-navigation-item__content\"  href=\"https:\/\/dematiss.com\/index.php\/bibliographie\/\"><span class=\"wp-block-navigation-item__label\">Bibliographie<\/span><\/a><\/li><li class=\" wp-block-navigation-item wp-block-navigation-link\"><a class=\"wp-block-navigation-item__content\"  href=\"https:\/\/dematiss.com\/index.php\/presse\/\"><span class=\"wp-block-navigation-item__label\">Presse<\/span><\/a><\/li><li class=\" wp-block-navigation-item wp-block-navigation-link\"><a class=\"wp-block-navigation-item__content\"  href=\"https:\/\/dematiss.com\/index.php\/dossier-pedagogique-dematiss\/\"><span class=\"wp-block-navigation-item__label\">Dossier p\u00e9dagogique D\u00e9matiss<\/span><\/a><\/li><\/ul><\/li><li data-wp-context=\"{ &quot;submenuOpenedBy&quot;: { &quot;click&quot;: false, &quot;hover&quot;: false, &quot;focus&quot;: false }, &quot;type&quot;: &quot;submenu&quot;, &quot;modal&quot;: null }\" data-wp-interactive=\"core\/navigation\" data-wp-on--focusout=\"actions.handleMenuFocusout\" data-wp-on--keydown=\"actions.handleMenuKeydown\" data-wp-on-async--mouseenter=\"actions.openMenuOnHover\" data-wp-on-async--mouseleave=\"actions.closeMenuOnHover\" data-wp-watch=\"callbacks.initMenu\" tabindex=\"-1\" class=\"wp-block-navigation-item has-child open-on-hover-click wp-block-navigation-submenu\"><a class=\"wp-block-navigation-item__content\" href=\"#\"><span class=\"wp-block-navigation-item__label\">Les tissus africains<\/span><\/a><button data-wp-bind--aria-expanded=\"state.isMenuOpen\" data-wp-on-async--click=\"actions.toggleMenuOnClick\" aria-label=\"Les tissus africains submenu\" class=\"wp-block-navigation__submenu-icon wp-block-navigation-submenu__toggle\" ><svg xmlns=\"http:\/\/www.w3.org\/2000\/svg\" width=\"12\" height=\"12\" viewBox=\"0 0 12 12\" fill=\"none\" aria-hidden=\"true\" focusable=\"false\"><path d=\"M1.50002 4L6.00002 8L10.5 4\" stroke-width=\"1.5\"><\/path><\/svg><\/button><ul data-wp-on-async--focus=\"actions.openMenuOnFocus\" class=\"wp-block-navigation__submenu-container wp-block-navigation-submenu\"><li class=\" wp-block-navigation-item wp-block-navigation-link\"><a class=\"wp-block-navigation-item__content\"  href=\"https:\/\/dematiss.com\/index.php\/une-histoire-breve-des-tissus-africains\/\"><span class=\"wp-block-navigation-item__label\">Une histoire br\u00e8ve des tissus africains<\/span><\/a><\/li><li class=\" wp-block-navigation-item wp-block-navigation-link\"><a class=\"wp-block-navigation-item__content\"  href=\"https:\/\/dematiss.com\/index.php\/les-tissus-recenses\/\"><span class=\"wp-block-navigation-item__label\">Les tissus recens\u00e9s<\/span><\/a><\/li><\/ul><\/li><li class=\" wp-block-navigation-item wp-block-navigation-link has-base-font-size\"><a class=\"wp-block-navigation-item__content\"  href=\"https:\/\/dematiss.com\/index.php\/notre-histoire\/\"><span class=\"wp-block-navigation-item__label\">Notre histoire<\/span><\/a><\/li><li class=\" wp-block-navigation-item wp-block-navigation-link\"><a class=\"wp-block-navigation-item__content\"  href=\"https:\/\/dematiss.com\/index.php\/contact\/\"><span class=\"wp-block-navigation-item__label\">Contact<\/span><\/a><\/li><\/ul>\n\t\t\t\t\t\t\t<\/div>\n\t\t\t\t\t\t<\/div>\n\t\t\t\t\t<\/div>\n\t\t\t\t<\/div><\/nav>\n\n\n<h1 class=\"wp-block-heading has-text-align-center has-foreground-color has-pale-ocean-gradient-background has-text-color has-background\" style=\"font-size:2rem;text-transform:uppercase\"><strong>Shuka MaAsa\u00ef<\/strong><\/h1>\n\n\n\n<p class=\"has-text-align-center\" style=\"margin-top:0;margin-right:0;margin-bottom:0;margin-left:0\"><em><strong>La vibrance du bicolore rouge et bleu<\/strong><\/em><\/p>\n\n\n\n<div class=\"wp-block-group has-background-light-background-color has-background is-layout-constrained wp-container-core-group-is-layout-5bd35887 wp-block-group-is-layout-constrained\" style=\"padding-top:68px\">\n<div class=\"wp-block-columns is-layout-flex wp-container-core-columns-is-layout-e0fbbc84 wp-block-columns-is-layout-flex\">\n<div class=\"wp-block-column is-style-ona-negative-offset-bottom is-layout-flow wp-block-column-is-layout-flow\">\n<figure class=\"wp-block-image size-large\"><img loading=\"lazy\" decoding=\"async\" width=\"683\" height=\"1024\" src=\"https:\/\/dematiss.com\/wp-content\/uploads\/2023\/07\/IMG_4943-683x1024.jpg\" alt=\"\" class=\"wp-image-92\" srcset=\"https:\/\/dematiss.com\/wp-content\/uploads\/2023\/07\/IMG_4943-683x1024.jpg 683w, https:\/\/dematiss.com\/wp-content\/uploads\/2023\/07\/IMG_4943-200x300.jpg 200w, https:\/\/dematiss.com\/wp-content\/uploads\/2023\/07\/IMG_4943-768x1152.jpg 768w, https:\/\/dematiss.com\/wp-content\/uploads\/2023\/07\/IMG_4943-1024x1536.jpg 1024w, https:\/\/dematiss.com\/wp-content\/uploads\/2023\/07\/IMG_4943.jpg 1080w\" sizes=\"auto, (max-width: 683px) 100vw, 683px\" \/><\/figure>\n<\/div>\n\n\n\n<div class=\"wp-block-column is-vertically-aligned-center is-layout-flow wp-block-column-is-layout-flow\">\n<h1 class=\"wp-block-heading has-base-font-size\" id=\"i-am-a-lifestyle-and-fashion-blogger-a-person-who-enjoys-travel\" style=\"margin-right:15%\">Le Shuka est le textile distinctif du peuple Maasa\u00ef, \u00e9tabli au sud du Kenya et au nord de la Tanzanie, essentiel \u00e0 leur mode de vie semi-nomade.<\/h1>\n\n\n\n<p>Les Massa\u00ef utilisaient \u00e0 l\u2019origine des peaux de vaches et de moutons teintes avec de l\u2019ocre rouge pour se prot\u00e9ger, l\u2019ocre servant \u00e9galement de camouflage dans la savane. La couleur rouge est particuli\u00e8rement significative, repr\u00e9sentant le sang du b\u00e9tail et servant, selon la croyance, \u00e0 dissuader les animaux sauvages. Le mot \u00ab shuka \u00bb signifie d\u2019ailleurs \u00ab enveloppe de corps \u00bb dans la langue Massa\u00ef.<\/p>\n\n\n\n<p>Aujourd\u2019hui, fabriqu\u00e9 en coton, il est imm\u00e9diatement reconnaissable \u00e0 ses couleurs vives et ses motifs it\u00e9ratifs de carreaux ou de rayures.<\/p>\n\n\n\n<p>\u00c9pais et r\u00e9sistant, il est port\u00e9 par les hommes Maasa\u00ef comme une couverture\/v\u00eatement drap\u00e9e et nou\u00e9e sur l\u2019\u00e9paule, un geste adapt\u00e9 \u00e0 leur existence de guerriers et d\u2019\u00e9leveurs semi-nomades. La version actuelle du Shuka s\u2019inspireraient des v\u00eatements des missionnaires \u00e9cossais arriv\u00e9s en 1889 dans le pays.<\/p>\n<\/div>\n<\/div>\n<\/div>\n\n\n\n<hr class=\"wp-block-separator has-alpha-channel-opacity\"\/>\n\n\n\n<figure class=\"wp-block-gallery alignwide has-nested-images columns-default is-cropped wp-block-gallery-2 is-layout-flex wp-block-gallery-is-layout-flex\">\n<figure class=\"wp-block-image size-large\"><img loading=\"lazy\" decoding=\"async\" width=\"1024\" height=\"851\" data-id=\"312\" src=\"https:\/\/dematiss.com\/wp-content\/uploads\/2023\/07\/ENN_3798-1024x851.jpg\" alt=\"\" class=\"wp-image-312\" srcset=\"https:\/\/dematiss.com\/wp-content\/uploads\/2023\/07\/ENN_3798-1024x851.jpg 1024w, https:\/\/dematiss.com\/wp-content\/uploads\/2023\/07\/ENN_3798-300x249.jpg 300w, https:\/\/dematiss.com\/wp-content\/uploads\/2023\/07\/ENN_3798-768x638.jpg 768w, https:\/\/dematiss.com\/wp-content\/uploads\/2023\/07\/ENN_3798-1536x1277.jpg 1536w, https:\/\/dematiss.com\/wp-content\/uploads\/2023\/07\/ENN_3798-2048x1703.jpg 2048w, https:\/\/dematiss.com\/wp-content\/uploads\/2023\/07\/ENN_3798-1170x973.jpg 1170w\" sizes=\"auto, (max-width: 1024px) 100vw, 1024px\" \/><\/figure>\n\n\n\n<figure class=\"wp-block-image size-large\"><img loading=\"lazy\" decoding=\"async\" width=\"1024\" height=\"720\" data-id=\"315\" src=\"https:\/\/dematiss.com\/wp-content\/uploads\/2023\/07\/cENN_4133-1024x720.jpg\" alt=\"\" class=\"wp-image-315\" srcset=\"https:\/\/dematiss.com\/wp-content\/uploads\/2023\/07\/cENN_4133-1024x720.jpg 1024w, https:\/\/dematiss.com\/wp-content\/uploads\/2023\/07\/cENN_4133-300x211.jpg 300w, https:\/\/dematiss.com\/wp-content\/uploads\/2023\/07\/cENN_4133-768x540.jpg 768w, https:\/\/dematiss.com\/wp-content\/uploads\/2023\/07\/cENN_4133-1536x1080.jpg 1536w, https:\/\/dematiss.com\/wp-content\/uploads\/2023\/07\/cENN_4133-1170x823.jpg 1170w, https:\/\/dematiss.com\/wp-content\/uploads\/2023\/07\/cENN_4133.jpg 1900w\" sizes=\"auto, (max-width: 1024px) 100vw, 1024px\" \/><\/figure>\n<\/figure>\n\n\n\n<hr class=\"wp-block-separator has-alpha-channel-opacity\"\/>\n\n\n\n<p class=\"has-medium-font-size\"><strong>Processus de fabrication du <strong>shuka maasai<\/strong><\/strong><\/p>\n\n\n\n<figure class=\"wp-block-embed is-type-video is-provider-youtube wp-block-embed-youtube wp-embed-aspect-16-9 wp-has-aspect-ratio\"><div class=\"wp-block-embed__wrapper\">\n<iframe loading=\"lazy\" title=\"Made in Kenya: Traditional Maasai blanket gets a face-lift\" width=\"1170\" height=\"658\" src=\"https:\/\/www.youtube.com\/embed\/zZAzX387wdE?feature=oembed\" frameborder=\"0\" allow=\"accelerometer; autoplay; clipboard-write; encrypted-media; gyroscope; picture-in-picture; web-share\" allowfullscreen><\/iframe>\n<\/div><\/figure>\n\n\n\n<p class=\"has-medium-font-size\"><a href=\"https:\/\/afrikawarehouse.com\/\"><strong>Une boutique  recommand\u00e9e pour acheter du shuka maasai<\/strong><\/a><\/p>\n\n\n\n<figure class=\"wp-block-image size-large is-resized\"><a href=\"https:\/\/afrikawarehouse.com\/\"><img loading=\"lazy\" decoding=\"async\" width=\"1024\" height=\"534\" src=\"https:\/\/dematiss.com\/wp-content\/uploads\/2023\/07\/image-16-1024x534.png\" alt=\"\" class=\"wp-image-498\" style=\"width:766px;height:399px\" srcset=\"https:\/\/dematiss.com\/wp-content\/uploads\/2023\/07\/image-16-1024x534.png 1024w, https:\/\/dematiss.com\/wp-content\/uploads\/2023\/07\/image-16-300x156.png 300w, https:\/\/dematiss.com\/wp-content\/uploads\/2023\/07\/image-16-768x400.png 768w, https:\/\/dematiss.com\/wp-content\/uploads\/2023\/07\/image-16-1536x800.png 1536w, https:\/\/dematiss.com\/wp-content\/uploads\/2023\/07\/image-16-1170x610.png 1170w, https:\/\/dematiss.com\/wp-content\/uploads\/2023\/07\/image-16.png 1656w\" sizes=\"auto, (max-width: 1024px) 100vw, 1024px\" \/><\/a><\/figure>\n\n\n\n<div class=\"wp-block-group has-foreground-background-color has-background is-layout-constrained wp-container-core-group-is-layout-88d3f164 wp-block-group-is-layout-constrained\">\n<div class=\"wp-block-columns is-layout-flex wp-container-core-columns-is-layout-28f84493 wp-block-columns-is-layout-flex\">\n<div class=\"wp-block-column is-layout-flow wp-block-column-is-layout-flow\"><nav style=\"text-transform:uppercase;\" class=\"has-text-color has-background-color has-tiny-font-size items-justified-center ona-text-letter-spacing wp-block-navigation is-horizontal is-content-justification-center is-layout-flex wp-container-core-navigation-is-layout-03627597 wp-block-navigation-is-layout-flex\" aria-label=\"Navigation 4\"><ul style=\"text-transform:uppercase;\" class=\"wp-block-navigation__container has-text-color has-background-color has-tiny-font-size items-justified-center ona-text-letter-spacing wp-block-navigation has-tiny-font-size\"><li class=\"has-text-color has-background-color has-tiny-font-size wp-block-navigation-item wp-block-home-link\"><a class=\"wp-block-home-link__content wp-block-navigation-item__content\" href=\"https:\/\/dematiss.com\" rel=\"home\">Accueil<\/a><\/li><li class=\"has-tiny-font-size wp-block-navigation-item wp-block-navigation-link\"><a class=\"wp-block-navigation-item__content\"  href=\"https:\/\/dematiss.com\/index.php\/les-tissus-recenses\/\"><span class=\"wp-block-navigation-item__label\">Les tissus recens\u00e9s<\/span><\/a><\/li><li class=\"has-tiny-font-size wp-block-navigation-item wp-block-navigation-link\"><a class=\"wp-block-navigation-item__content\"  href=\"https:\/\/dematiss.com\/index.php\/notre-histoire\/\"><span class=\"wp-block-navigation-item__label\">Notre histoire<\/span><\/a><\/li><li class=\"has-tiny-font-size wp-block-navigation-item wp-block-navigation-link\"><a class=\"wp-block-navigation-item__content\"  href=\"https:\/\/dematiss.com\/index.php\/prochains-evenements\/\"><span class=\"wp-block-navigation-item__label\">Prochains \u00e9v\u00e9nements<\/span><\/a><\/li><\/ul><\/nav>\n\n\n<div style=\"height:27px\" aria-hidden=\"true\" class=\"wp-block-spacer\"><\/div>\n\n\n<h1 style=\"font-size:1.875rem;line-height:1.5;text-transform:uppercase;letter-spacing:10px;\" class=\"has-text-align-center has-link-color ona-site-title wp-elements-402a630d3060dfea7b513534b4002186 wp-block-site-title has-base-font-family\"><a href=\"https:\/\/dematiss.com\" target=\"_self\" rel=\"home\">dematiss<\/a><\/h1>\n\n<p style=\"font-size:0.9375rem;\" class=\"has-text-align-center wp-block-site-tagline has-text-color has-background-color\">D\u00e9masque(r) les tissus africains<\/p>\n\n\n<div class=\"wp-block-columns is-layout-flex wp-container-core-columns-is-layout-285d7363 wp-block-columns-is-layout-flex\" style=\"margin-bottom:1rem\">\n<div class=\"wp-block-column ona-sm-down-text-align-center is-layout-flow wp-block-column-is-layout-flow\">\n<p class=\"mb-1 ona-copyright has-text-light-color has-text-color has-link-color has-tiny-font-size wp-elements-d19038d1db2f269141b0e8720ab7c151\">\u00a9 2015-2023 : Ariane Mawaffo <\/p>\n<\/div>\n\n\n\n<div class=\"wp-block-column is-layout-flow wp-block-column-is-layout-flow\">\n<ul class=\"wp-block-social-links has-icon-background-color ona-sm-down-justify-content-center is-content-justification-right is-layout-flex wp-container-core-social-links-is-layout-ee259283 wp-block-social-links-is-layout-flex\"><li style=\"background-color: #000000; \" class=\"wp-social-link wp-social-link-twitter has-foreground-background-color wp-block-social-link\"><a href=\"https:\/\/twitter.com\/tissusafricains\" class=\"wp-block-social-link-anchor\"><svg width=\"24\" height=\"24\" viewBox=\"0 0 24 24\" version=\"1.1\" xmlns=\"http:\/\/www.w3.org\/2000\/svg\" aria-hidden=\"true\" focusable=\"false\"><path d=\"M22.23,5.924c-0.736,0.326-1.527,0.547-2.357,0.646c0.847-0.508,1.498-1.312,1.804-2.27 c-0.793,0.47-1.671,0.812-2.606,0.996C18.324,4.498,17.257,4,16.077,4c-2.266,0-4.103,1.837-4.103,4.103 c0,0.322,0.036,0.635,0.106,0.935C8.67,8.867,5.647,7.234,3.623,4.751C3.27,5.357,3.067,6.062,3.067,6.814 c0,1.424,0.724,2.679,1.825,3.415c-0.673-0.021-1.305-0.206-1.859-0.513c0,0.017,0,0.034,0,0.052c0,1.988,1.414,3.647,3.292,4.023 c-0.344,0.094-0.707,0.144-1.081,0.144c-0.264,0-0.521-0.026-0.772-0.074c0.522,1.63,2.038,2.816,3.833,2.85 c-1.404,1.1-3.174,1.756-5.096,1.756c-0.331,0-0.658-0.019-0.979-0.057c1.816,1.164,3.973,1.843,6.29,1.843 c7.547,0,11.675-6.252,11.675-11.675c0-0.178-0.004-0.355-0.012-0.531C20.985,7.47,21.68,6.747,22.23,5.924z\"><\/path><\/svg><span class=\"wp-block-social-link-label screen-reader-text\">Twitter<\/span><\/a><\/li>\n\n<li style=\"background-color: #000000; \" class=\"wp-social-link wp-social-link-instagram has-foreground-background-color wp-block-social-link\"><a href=\"https:\/\/www.instagram.com\/tissus_africains\/\" class=\"wp-block-social-link-anchor\"><svg width=\"24\" height=\"24\" viewBox=\"0 0 24 24\" version=\"1.1\" xmlns=\"http:\/\/www.w3.org\/2000\/svg\" aria-hidden=\"true\" focusable=\"false\"><path d=\"M12,4.622c2.403,0,2.688,0.009,3.637,0.052c0.877,0.04,1.354,0.187,1.671,0.31c0.42,0.163,0.72,0.358,1.035,0.673 c0.315,0.315,0.51,0.615,0.673,1.035c0.123,0.317,0.27,0.794,0.31,1.671c0.043,0.949,0.052,1.234,0.052,3.637 s-0.009,2.688-0.052,3.637c-0.04,0.877-0.187,1.354-0.31,1.671c-0.163,0.42-0.358,0.72-0.673,1.035 c-0.315,0.315-0.615,0.51-1.035,0.673c-0.317,0.123-0.794,0.27-1.671,0.31c-0.949,0.043-1.233,0.052-3.637,0.052 s-2.688-0.009-3.637-0.052c-0.877-0.04-1.354-0.187-1.671-0.31c-0.42-0.163-0.72-0.358-1.035-0.673 c-0.315-0.315-0.51-0.615-0.673-1.035c-0.123-0.317-0.27-0.794-0.31-1.671C4.631,14.688,4.622,14.403,4.622,12 s0.009-2.688,0.052-3.637c0.04-0.877,0.187-1.354,0.31-1.671c0.163-0.42,0.358-0.72,0.673-1.035 c0.315-0.315,0.615-0.51,1.035-0.673c0.317-0.123,0.794-0.27,1.671-0.31C9.312,4.631,9.597,4.622,12,4.622 M12,3 C9.556,3,9.249,3.01,8.289,3.054C7.331,3.098,6.677,3.25,6.105,3.472C5.513,3.702,5.011,4.01,4.511,4.511 c-0.5,0.5-0.808,1.002-1.038,1.594C3.25,6.677,3.098,7.331,3.054,8.289C3.01,9.249,3,9.556,3,12c0,2.444,0.01,2.751,0.054,3.711 c0.044,0.958,0.196,1.612,0.418,2.185c0.23,0.592,0.538,1.094,1.038,1.594c0.5,0.5,1.002,0.808,1.594,1.038 c0.572,0.222,1.227,0.375,2.185,0.418C9.249,20.99,9.556,21,12,21s2.751-0.01,3.711-0.054c0.958-0.044,1.612-0.196,2.185-0.418 c0.592-0.23,1.094-0.538,1.594-1.038c0.5-0.5,0.808-1.002,1.038-1.594c0.222-0.572,0.375-1.227,0.418-2.185 C20.99,14.751,21,14.444,21,12s-0.01-2.751-0.054-3.711c-0.044-0.958-0.196-1.612-0.418-2.185c-0.23-0.592-0.538-1.094-1.038-1.594 c-0.5-0.5-1.002-0.808-1.594-1.038c-0.572-0.222-1.227-0.375-2.185-0.418C14.751,3.01,14.444,3,12,3L12,3z M12,7.378 c-2.552,0-4.622,2.069-4.622,4.622S9.448,16.622,12,16.622s4.622-2.069,4.622-4.622S14.552,7.378,12,7.378z M12,15 c-1.657,0-3-1.343-3-3s1.343-3,3-3s3,1.343,3,3S13.657,15,12,15z M16.804,6.116c-0.596,0-1.08,0.484-1.08,1.08 s0.484,1.08,1.08,1.08c0.596,0,1.08-0.484,1.08-1.08S17.401,6.116,16.804,6.116z\"><\/path><\/svg><span class=\"wp-block-social-link-label screen-reader-text\">Instagram<\/span><\/a><\/li><\/ul>\n<\/div>\n<\/div>\n<\/div>\n<\/div>\n<\/div>\n","protected":false},"excerpt":{"rendered":"<p>Shuka MaAsa\u00ef La vibrance du bicolore rouge et bleu Le Shuka est le textile distinctif du peuple Maasa\u00ef, \u00e9tabli au sud du Kenya et au nord de la Tanzanie, essentiel \u00e0 leur mode de vie semi-nomade. Les Massa\u00ef utilisaient \u00e0 l\u2019origine des peaux de vaches et de moutons teintes avec de l\u2019ocre rouge pour se [&hellip;]<\/p>\n","protected":false},"author":1,"featured_media":0,"parent":0,"menu_order":0,"comment_status":"closed","ping_status":"closed","template":"blank","meta":{"footnotes":""},"class_list":["post-307","page","type-page","status-publish","hentry"],"jetpack_sharing_enabled":true,"_links":{"self":[{"href":"https:\/\/dematiss.com\/index.php\/wp-json\/wp\/v2\/pages\/307","targetHints":{"allow":["GET"]}}],"collection":[{"href":"https:\/\/dematiss.com\/index.php\/wp-json\/wp\/v2\/pages"}],"about":[{"href":"https:\/\/dematiss.com\/index.php\/wp-json\/wp\/v2\/types\/page"}],"author":[{"embeddable":true,"href":"https:\/\/dematiss.com\/index.php\/wp-json\/wp\/v2\/users\/1"}],"replies":[{"embeddable":true,"href":"https:\/\/dematiss.com\/index.php\/wp-json\/wp\/v2\/comments?post=307"}],"version-history":[{"count":8,"href":"https:\/\/dematiss.com\/index.php\/wp-json\/wp\/v2\/pages\/307\/revisions"}],"predecessor-version":[{"id":1058,"href":"https:\/\/dematiss.com\/index.php\/wp-json\/wp\/v2\/pages\/307\/revisions\/1058"}],"wp:attachment":[{"href":"https:\/\/dematiss.com\/index.php\/wp-json\/wp\/v2\/media?parent=307"}],"curies":[{"name":"wp","href":"https:\/\/api.w.org\/{rel}","templated":true}]}}