{"id":11,"date":"2023-06-11T12:21:45","date_gmt":"2023-06-11T10:21:45","guid":{"rendered":"https:\/\/dematiss.com\/?page_id=11"},"modified":"2023-10-26T09:36:12","modified_gmt":"2023-10-26T07:36:12","slug":"contact","status":"publish","type":"page","link":"https:\/\/dematiss.com\/index.php\/contact\/","title":{"rendered":"Contact"},"content":{"rendered":"\n<p>C\u2019est une page avec des informations de contact de base, comme l\u2019adresse et le num\u00e9ro de t\u00e9l\u00e9phone. Vous pouvez aussi essayer une extension pour ajouter un formulaire de contact.<\/p>\n\n\n\n<p>Cr\u00e9ez votre <a href=\"https:\/\/dematiss.com\/wp-admin\/admin.php?page=wpforms-overview\" target=\"_blank\" rel=\"noopener noreferrer\">formulaire de contact<\/a> avec WPForms en quelques minutes.<\/p>\n\n\n","protected":false},"excerpt":{"rendered":"<p>C\u2019est une page avec des informations de contact de base, comme l\u2019adresse et le num\u00e9ro de t\u00e9l\u00e9phone. Vous pouvez aussi essayer une extension pour ajouter un formulaire de contact. Cr\u00e9ez votre formulaire de contact avec WPForms en quelques minutes.<\/p>\n","protected":false},"author":1,"featured_media":0,"parent":0,"menu_order":0,"comment_status":"closed","ping_status":"closed","template":"page-contact","meta":{"footnotes":""},"class_list":["post-11","page","type-page","status-publish","hentry"],"jetpack_sharing_enabled":true,"_links":{"self":[{"href":"https:\/\/dematiss.com\/index.php\/wp-json\/wp\/v2\/pages\/11","targetHints":{"allow":["GET"]}}],"collection":[{"href":"https:\/\/dematiss.com\/index.php\/wp-json\/wp\/v2\/pages"}],"about":[{"href":"https:\/\/dematiss.com\/index.php\/wp-json\/wp\/v2\/types\/page"}],"author":[{"embeddable":true,"href":"https:\/\/dematiss.com\/index.php\/wp-json\/wp\/v2\/users\/1"}],"replies":[{"embeddable":true,"href":"https:\/\/dematiss.com\/index.php\/wp-json\/wp\/v2\/comments?post=11"}],"version-history":[{"count":3,"href":"https:\/\/dematiss.com\/index.php\/wp-json\/wp\/v2\/pages\/11\/revisions"}],"predecessor-version":[{"id":796,"href":"https:\/\/dematiss.com\/index.php\/wp-json\/wp\/v2\/pages\/11\/revisions\/796"}],"wp:attachment":[{"href":"https:\/\/dematiss.com\/index.php\/wp-json\/wp\/v2\/media?parent=11"}],"curies":[{"name":"wp","href":"https:\/\/api.w.org\/{rel}","templated":true}]}}